{"id":23,"date":"2014-09-11T12:58:08","date_gmt":"2014-09-11T11:58:08","guid":{"rendered":"http:\/\/wordpress.transmissions.de\/wordpress\/?page_id=23"},"modified":"2024-11-05T14:21:06","modified_gmt":"2024-11-05T13:21:06","slug":"home-5","status":"publish","type":"page","link":"https:\/\/transmissions.de\/?page_id=23","title":{"rendered":""},"content":{"rendered":"<p><strong>transmissions<\/strong>\u00a0ist ein B\u00fcro f\u00fcr <strong>Kultur, Finanzen und Management<\/strong> und richtet sich an Kulturt\u00e4tige aus der freien Szene und \u00f6ffentlichen Institutionen.<\/p>\n<ul>\n<li>Kultur braucht beides: Kunst und Geld. Doch oft sprechen beide Seiten verschiedene Sprachen. Wir verstehen uns als Vermittler zwischen Kunst und Administration und versuchen, Kunst f\u00fcr F\u00f6rderer verst\u00e4ndlicher zu machen und K\u00fcnstler*innen die Anforderungen der Verwaltung n\u00e4herzubringen.<\/li>\n<li>Projekte erfordern viel Sorgfalt um die Finanzen sowie die Ber\u00fccksichtigung administrativen Vorgaben. Wir verstehen unsere Hauptaufgabe darin, euch diese Sorge f\u00fcr eure Projekte abzunehmen.<\/li>\n<li>Kultur braucht professionelle Bedingungen, die des erm\u00f6glichen, den Lebensunterhalt daraus zu bezahlen. Deshalb setzen wir uns f\u00fcr faire Arbeitsbedingungen und eine angemessene Bezahlung ein.<\/li>\n<li>Kulturt\u00e4tige ben\u00f6tigen sehr viel Expertise. In unserer Beratung und unseren Workshops wollen wir ihnen die n\u00f6tigen Werkzeuge und das Wissen an die Hand geben, um ihre Projekte erfolgreich und nachhaltig zu realisieren.<\/li>\n<\/ul>\n","protected":false},"excerpt":{"rendered":"<p>transmissions\u00a0ist ein B\u00fcro f\u00fcr Kultur, Finanzen und Management und richtet sich an Kulturt\u00e4tige aus der freien Szene und \u00f6ffentlichen Institutionen. Kultur braucht beides: Kunst und Geld. Doch oft sprechen beide Seiten verschiedene Sprachen. Wir verstehen uns als Vermittler zwischen Kunst und Administration und versuchen, Kunst f\u00fcr F\u00f6rderer verst\u00e4ndlicher zu machen und K\u00fcnstler*innen die Anforderungen der [&hellip;]<\/p>\n","protected":false},"author":1,"featured_media":185,"parent":0,"menu_order":0,"comment_status":"closed","ping_status":"closed","template":"","meta":{"footnotes":""},"class_list":["post-23","page","type-page","status-publish","has-post-thumbnail","hentry"],"aioseo_notices":[],"_links":{"self":[{"href":"https:\/\/transmissions.de\/index.php?rest_route=\/wp\/v2\/pages\/23","targetHints":{"allow":["GET"]}}],"collection":[{"href":"https:\/\/transmissions.de\/index.php?rest_route=\/wp\/v2\/pages"}],"about":[{"href":"https:\/\/transmissions.de\/index.php?rest_route=\/wp\/v2\/types\/page"}],"author":[{"embeddable":true,"href":"https:\/\/transmissions.de\/index.php?rest_route=\/wp\/v2\/users\/1"}],"replies":[{"embeddable":true,"href":"https:\/\/transmissions.de\/index.php?rest_route=%2Fwp%2Fv2%2Fcomments&post=23"}],"version-history":[{"count":15,"href":"https:\/\/transmissions.de\/index.php?rest_route=\/wp\/v2\/pages\/23\/revisions"}],"predecessor-version":[{"id":620,"href":"https:\/\/transmissions.de\/index.php?rest_route=\/wp\/v2\/pages\/23\/revisions\/620"}],"wp:featuredmedia":[{"embeddable":true,"href":"https:\/\/transmissions.de\/index.php?rest_route=\/wp\/v2\/media\/185"}],"wp:attachment":[{"href":"https:\/\/transmissions.de\/index.php?rest_route=%2Fwp%2Fv2%2Fmedia&parent=23"}],"curies":[{"name":"wp","href":"https:\/\/api.w.org\/{rel}","templated":true}]}}