{"id":35,"date":"2014-09-12T07:58:40","date_gmt":"2014-09-12T06:58:40","guid":{"rendered":"http:\/\/wordpress.transmissions.de\/wordpress\/?page_id=35"},"modified":"2025-11-27T09:17:03","modified_gmt":"2025-11-27T08:17:03","slug":"team","status":"publish","type":"page","link":"https:\/\/transmissions.de\/?page_id=35","title":{"rendered":"Unser Team"},"content":{"rendered":"<p><a href=\"http:\/\/wordpress.transmissions.de\/wordpress\/wp-content\/uploads\/2014\/09\/bela-1.jpg\" class=\"thickbox no_icon\"><img loading=\"lazy\" decoding=\"async\" class=\"alignnone size-medium wp-image-235\" src=\"http:\/\/wordpress.transmissions.de\/wordpress\/wp-content\/uploads\/2014\/09\/bela-1-272x300.jpg\" alt=\"B\u00e9la Bisom\" width=\"272\" height=\"300\" srcset=\"https:\/\/transmissions.de\/wp-content\/uploads\/2014\/09\/bela-1-272x300.jpg 272w, https:\/\/transmissions.de\/wp-content\/uploads\/2014\/09\/bela-1-768x846.jpg 768w, https:\/\/transmissions.de\/wp-content\/uploads\/2014\/09\/bela-1-930x1024.jpg 930w, https:\/\/transmissions.de\/wp-content\/uploads\/2014\/09\/bela-1.jpg 1496w\" sizes=\"auto, (max-width: 272px) 100vw, 272px\" \/><\/a><\/p>\n<h1><strong>B\u00c9LA BISOM<\/strong><\/h1>\n<p>ist seit mehr als 20 Jahren im Management f\u00fcr Tanz und Theater in Deutschland t\u00e4tig. Er organisierte Theater- und Tanz-Festivals, wie z.B. das 100\u00b0-Festival in Berlin oder das GLOBALIZE:COLOGNE-Festival in K\u00f6ln. Als Manager arbeitete er u.a. zusammen mit Constanza Macras\/Dorky Park und MOUVOIR\/Stephanie Thiersch. B\u00e9la war von 2019 bis 2025 kaufm\u00e4nnischer Leiter des Festivals FAVORITEN.\u00a0<\/p>\n<p>B\u00e9la hat Betriebswirtschaft und Theaterwissenschaft studiert und irgendwann seinen Finanzbuchhalter gemacht. Er lebte drei Jahre in Burundi\/Afrika und hat kulturelle Projekte f\u00fcr die EZ-Organisation EIRENE entwickelt und durchgef\u00fchrt. Von 2013 bis 2015 war er Teilnehmer des L\u00e9im-Pilotprojekts f\u00fcr europ\u00e4ische Tanzproduzent*innen.<\/p>\n<p><a href=\"http:\/\/wordpress.transmissions.de\/wordpress\/wp-content\/uploads\/2014\/09\/Katarina-Pic-Homepage.jpg\" class=\"thickbox no_icon\"><img loading=\"lazy\" decoding=\"async\" class=\"alignnone wp-image-270 size-medium\" src=\"http:\/\/wordpress.transmissions.de\/wordpress\/wp-content\/uploads\/2014\/09\/Katarina-Pic-Homepage-274x300.jpg\" alt=\"Bild Katarina Martinez\" width=\"274\" height=\"300\" srcset=\"https:\/\/transmissions.de\/wp-content\/uploads\/2014\/09\/Katarina-Pic-Homepage-274x300.jpg 274w, https:\/\/transmissions.de\/wp-content\/uploads\/2014\/09\/Katarina-Pic-Homepage-768x840.jpg 768w, https:\/\/transmissions.de\/wp-content\/uploads\/2014\/09\/Katarina-Pic-Homepage-936x1024.jpg 936w, https:\/\/transmissions.de\/wp-content\/uploads\/2014\/09\/Katarina-Pic-Homepage.jpg 1200w\" sizes=\"auto, (max-width: 274px) 100vw, 274px\" \/><\/a><\/p>\n<h1><strong>KATARINA MARTINEZ<\/strong><\/h1>\n<p>ist in Finnland geboren und lebt seit vielen Jahren in K\u00f6ln.<br \/>Sie arbeitete lange Zeit beim Fernsehen u.a. im Bereich Dokumentation.<br \/>Katarina hat zahlreiche Kunst- und Musikveranstaltungen organisiert und arbeitet seit 2016 bei transmissions.<\/p>\n<h1><a href=\"https:\/\/transmissions.de\/wp-content\/uploads\/2021\/02\/Neele1.jpg\" class=\"thickbox no_icon\"><img loading=\"lazy\" decoding=\"async\" class=\"alignnone size-medium wp-image-477\" src=\"https:\/\/transmissions.de\/wp-content\/uploads\/2021\/02\/Neele1-274x300.jpg\" alt=\"Neele Renzland\" width=\"274\" height=\"300\" srcset=\"https:\/\/transmissions.de\/wp-content\/uploads\/2021\/02\/Neele1-274x300.jpg 274w, https:\/\/transmissions.de\/wp-content\/uploads\/2021\/02\/Neele1.jpg 768w\" sizes=\"auto, (max-width: 274px) 100vw, 274px\" \/><\/a><\/h1>\n<h1><strong>NEELE RENZLAND<\/strong><\/h1>\n<p>hat Kulturmanagement und Tanzwissenschaft studiert. Sie arbeitete in den Bereichen Projektmanagement, PR und Finanzen mit verschiedenen Kompagnien und Organisationen aus dem Bereich Darstellende Kunst und Literatur wie u.a. Joint Adventures, Dachverband Tanz Deutschland, CocoonDance Company und INSERT FEMALE ARTIST. Neele ist seit 2018 Teil des Teams von transmissions.<\/p>\n<p><a href=\"https:\/\/transmissions.de\/wp-content\/uploads\/2021\/01\/Katrin-Wiesemann.jpeg\" class=\"thickbox no_icon\"><img loading=\"lazy\" decoding=\"async\" class=\"alignnone size-medium wp-image-428\" src=\"https:\/\/transmissions.de\/wp-content\/uploads\/2021\/01\/Katrin-Wiesemann-273x300.jpeg\" alt=\"Katrin Wiesemann\" width=\"273\" height=\"300\" srcset=\"https:\/\/transmissions.de\/wp-content\/uploads\/2021\/01\/Katrin-Wiesemann-273x300.jpeg 273w, https:\/\/transmissions.de\/wp-content\/uploads\/2021\/01\/Katrin-Wiesemann.jpeg 642w\" sizes=\"auto, (max-width: 273px) 100vw, 273px\" \/><\/a><\/p>\n\n\n<h1 class=\"wp-block-heading\">KATRIN WIESEMANN <\/h1>\n\n\n\n<p>hat Medien- und Kulturwissenschaft und Betriebswirtschaftslehre studiert. Sie arbeitete f\u00fcr verschiedene Theater und Festivals u.a. im Bereich Projektmanagement, betreut seit 2020 als freie Produktionsleitung Gruppen und Festivals vom Tanz \u00fcber neue Musik zum Schauspiel und ist Teil des transmissions-Team seit 2021.<\/p>\n\n\n\n<figure class=\"wp-block-image size-full is-resized\"><a href=\"https:\/\/transmissions.de\/wp-content\/uploads\/2022\/03\/Annalena-Foto_Homepage_KuK-1.jpg\" class=\"thickbox no_icon\"><img loading=\"lazy\" decoding=\"async\" width=\"790\" height=\"843\" src=\"https:\/\/transmissions.de\/wp-content\/uploads\/2022\/03\/Annalena-Foto_Homepage_KuK-1.jpg\" alt=\"\" class=\"wp-image-507\" style=\"width:281px;height:309px\" srcset=\"https:\/\/transmissions.de\/wp-content\/uploads\/2022\/03\/Annalena-Foto_Homepage_KuK-1.jpg 790w, https:\/\/transmissions.de\/wp-content\/uploads\/2022\/03\/Annalena-Foto_Homepage_KuK-1-281x300.jpg 281w, https:\/\/transmissions.de\/wp-content\/uploads\/2022\/03\/Annalena-Foto_Homepage_KuK-1-768x820.jpg 768w\" sizes=\"auto, (max-width: 790px) 100vw, 790px\" \/><\/a><\/figure>\n\n\n\n<h1 class=\"wp-block-heading\">ANNALENA BERGER<\/h1>\n\n\n\n<p>hat Kunstgeschichte und Kulturmanagement in Wien und D\u00fcsseldorf studiert. Sie arbeitete f\u00fcr verschiedene Organisationen in den Bereichen PR, Projekt- und Ausstellungsmanagement. Zu ihren eigenen Projekten geh\u00f6ren u.a. die Entwicklung eines Mentoringprogramms mit F\u00fchrungskr\u00e4ften aus der Kunst- &amp; Kulturszene und eine Reihe von Atelierbesuchen. Sie arbeitet seit 2021 bei transmissions.<\/p>\n\n\n\n<figure class=\"wp-block-image size-full is-resized\"><a href=\"https:\/\/transmissions.de\/wp-content\/uploads\/2021\/02\/Neele1.jpg\" class=\"thickbox no_icon\"><img loading=\"lazy\" decoding=\"async\" width=\"768\" height=\"842\" src=\"https:\/\/transmissions.de\/wp-content\/uploads\/2021\/02\/Neele1.jpg\" alt=\"Neele Renzland, Antje Woldt\" class=\"wp-image-477\" style=\"width:290px;height:auto\" srcset=\"https:\/\/transmissions.de\/wp-content\/uploads\/2021\/02\/Neele1.jpg 768w, https:\/\/transmissions.de\/wp-content\/uploads\/2021\/02\/Neele1-274x300.jpg 274w\" sizes=\"auto, (max-width: 768px) 100vw, 768px\" \/><\/a><\/figure>\n\n\n\n<h1 class=\"wp-block-heading\">ANTJE WOLDT<\/h1>\n\n\n\n<p>Antje Woldt hat Theaterwissenschaft und Kulturwissenschaften in Leipzig studiert. Sie arbeitete bei verschiedenen Theater- und Kulturorganisationen in den Bereichen Produktionsleitung, Projektkoordination und Kulturf\u00f6rderung, u.a. am WUK Theater Quartier und bei Radio Corax in Halle (Saale). Seit 2024 ist sie Teil des Teams von transmissions.<\/p>\n","protected":false},"excerpt":{"rendered":"<p>B\u00c9LA BISOM ist seit mehr als 20 Jahren im Management f\u00fcr Tanz und Theater in Deutschland t\u00e4tig. Er organisierte Theater- und Tanz-Festivals, wie z.B. das 100\u00b0-Festival in Berlin oder das GLOBALIZE:COLOGNE-Festival in K\u00f6ln. Als Manager arbeitete er u.a. zusammen mit Constanza Macras\/Dorky Park und MOUVOIR\/Stephanie Thiersch. B\u00e9la war von 2019 bis 2025 kaufm\u00e4nnischer Leiter des [&hellip;]<\/p>\n","protected":false},"author":3,"featured_media":0,"parent":0,"menu_order":0,"comment_status":"closed","ping_status":"closed","template":"","meta":{"footnotes":""},"class_list":["post-35","page","type-page","status-publish","hentry"],"aioseo_notices":[],"_links":{"self":[{"href":"https:\/\/transmissions.de\/index.php?rest_route=\/wp\/v2\/pages\/35","targetHints":{"allow":["GET"]}}],"collection":[{"href":"https:\/\/transmissions.de\/index.php?rest_route=\/wp\/v2\/pages"}],"about":[{"href":"https:\/\/transmissions.de\/index.php?rest_route=\/wp\/v2\/types\/page"}],"author":[{"embeddable":true,"href":"https:\/\/transmissions.de\/index.php?rest_route=\/wp\/v2\/users\/3"}],"replies":[{"embeddable":true,"href":"https:\/\/transmissions.de\/index.php?rest_route=%2Fwp%2Fv2%2Fcomments&post=35"}],"version-history":[{"count":25,"href":"https:\/\/transmissions.de\/index.php?rest_route=\/wp\/v2\/pages\/35\/revisions"}],"predecessor-version":[{"id":669,"href":"https:\/\/transmissions.de\/index.php?rest_route=\/wp\/v2\/pages\/35\/revisions\/669"}],"wp:attachment":[{"href":"https:\/\/transmissions.de\/index.php?rest_route=%2Fwp%2Fv2%2Fmedia&parent=35"}],"curies":[{"name":"wp","href":"https:\/\/api.w.org\/{rel}","templated":true}]}}