{"id":43,"date":"2014-09-12T08:07:02","date_gmt":"2014-09-12T07:07:02","guid":{"rendered":"http:\/\/wordpress.transmissions.de\/wordpress\/?page_id=43"},"modified":"2025-09-25T10:05:13","modified_gmt":"2025-09-25T09:05:13","slug":"leistungen","status":"publish","type":"page","link":"https:\/\/transmissions.de\/?page_id=43","title":{"rendered":"unsere Leistungen"},"content":{"rendered":"<p><strong>Finanzen:<\/strong><\/p>\n<p>Wir unterst\u00fctzen euch bei der <strong>Erstellung von Budgets <\/strong>f\u00fcr einzelne <strong>Projekte <\/strong>oder <strong>ganze Jahre <\/strong>eurer Kompanie, \u00fcbernehmen auf Wunsch die <strong>Finanzverwaltung, ordnungsgem\u00e4\u00dfe Buchf\u00fchrung<\/strong> und das <strong>Controlling<\/strong> und erstellen <strong>Abrechnungen<\/strong> und <strong>Verwendungsnachweise<\/strong>. Die Unterlagen bereiten wir bei Bedarf f\u00fcr die*den <strong>Steuerberater*in<\/strong> oder eure <strong>eigene Steuererkl\u00e4rung <\/strong>vor.<\/p>\n<p><strong>Beratung:<\/strong><\/p>\n<p>F\u00fcr alle Fragen rund um die Themen <strong>F\u00f6rderung, Budgets, Buchhaltung<\/strong>.<\/p>\n<p><strong>F\u00f6rderprogramme:<\/strong><\/p>\n<p>In Zusammenarbeit mit dem <strong>Dachverband Tanz<\/strong> betreuen wir die Gef\u00f6rderten des Programms <strong>Kreativ-Transfer<\/strong>. Wir erstellen die F\u00f6rdervertr\u00e4ge und pr\u00fcfen die Abrechnung.<\/p>\n<p><strong>Seminare \/ Workshops:<\/strong><\/p>\n<p>Wir geben Workshops und Seminare f\u00fcr K\u00fcnstler*innen und Kompanien in den Bereichen <strong>Excel, Buchhaltung, Zuwendungsrecht <\/strong>sowie zur <strong>Errechnung von Honoraren<\/strong> .<\/p>\n","protected":false},"excerpt":{"rendered":"<p>Finanzen: Wir unterst\u00fctzen euch bei der Erstellung von Budgets f\u00fcr einzelne Projekte oder ganze Jahre eurer Kompanie, \u00fcbernehmen auf Wunsch die Finanzverwaltung, ordnungsgem\u00e4\u00dfe Buchf\u00fchrung und das Controlling und erstellen Abrechnungen und Verwendungsnachweise. Die Unterlagen bereiten wir bei Bedarf f\u00fcr die*den Steuerberater*in oder eure eigene Steuererkl\u00e4rung vor. Beratung: F\u00fcr alle Fragen rund um die Themen F\u00f6rderung, [&hellip;]<\/p>\n","protected":false},"author":1,"featured_media":0,"parent":0,"menu_order":0,"comment_status":"closed","ping_status":"closed","template":"","meta":{"footnotes":""},"class_list":["post-43","page","type-page","status-publish","hentry"],"aioseo_notices":[],"_links":{"self":[{"href":"https:\/\/transmissions.de\/index.php?rest_route=\/wp\/v2\/pages\/43","targetHints":{"allow":["GET"]}}],"collection":[{"href":"https:\/\/transmissions.de\/index.php?rest_route=\/wp\/v2\/pages"}],"about":[{"href":"https:\/\/transmissions.de\/index.php?rest_route=\/wp\/v2\/types\/page"}],"author":[{"embeddable":true,"href":"https:\/\/transmissions.de\/index.php?rest_route=\/wp\/v2\/users\/1"}],"replies":[{"embeddable":true,"href":"https:\/\/transmissions.de\/index.php?rest_route=%2Fwp%2Fv2%2Fcomments&post=43"}],"version-history":[{"count":14,"href":"https:\/\/transmissions.de\/index.php?rest_route=\/wp\/v2\/pages\/43\/revisions"}],"predecessor-version":[{"id":662,"href":"https:\/\/transmissions.de\/index.php?rest_route=\/wp\/v2\/pages\/43\/revisions\/662"}],"wp:attachment":[{"href":"https:\/\/transmissions.de\/index.php?rest_route=%2Fwp%2Fv2%2Fmedia&parent=43"}],"curies":[{"name":"wp","href":"https:\/\/api.w.org\/{rel}","templated":true}]}}