{"id":567,"date":"2024-07-21T18:01:29","date_gmt":"2024-07-21T17:01:29","guid":{"rendered":"https:\/\/transmissions.de\/?page_id=567"},"modified":"2024-07-21T18:01:30","modified_gmt":"2024-07-21T17:01:30","slug":"datenschutzerklaerung","status":"publish","type":"page","link":"https:\/\/transmissions.de\/?page_id=567","title":{"rendered":"Datenschutzerkl\u00e4rung"},"content":{"rendered":"\n<h2 class=\"wp-block-heading\">Geltungsbereich<\/h2>\n\n\n\n<p>Diese Datenschutzerkl\u00e4rung soll die Nutzer dieser Website gem\u00e4\u00df Bundesdatenschutzgesetz und Telemediengesetz \u00fcber die Art, den Umfang und den Zweck der Erhebung und Verwendung personenbezogener Daten durch den Websitebetreiber transmissions GmbH informieren.<\/p>\n\n\n\n<h2 class=\"wp-block-heading\">Kontakt \/ Verantwortliche<\/h2>\n\n\n\n<p>transmissions GmbH<br>Johannisstr. 79, 50668 K\u00f6ln<br>T. +49 (0)221 \u2013 2987 2525<br>info (at) transmissions.de<br>Gesch\u00e4ftsf\u00fchrung: B\u00e9la Bisom<\/p>\n\n\n\n<p>Der Websitebetreiber nimmt Ihren Datenschutz sehr ernst und behandelt Ihre personenbezogenen Daten vertraulich und entsprechend der gesetzlichen Vorschriften.<\/p>\n\n\n\n<p>Bedenken Sie, dass die Daten\u00fcbertragung im Internet grunds\u00e4tzlich mit Sicherheitsl\u00fccken bedacht sein kann. Ein vollumf\u00e4nglicher Schutz vor dem Zugriff durch Fremde ist nicht realisierbar.<\/p>\n\n\n\n<h2 class=\"wp-block-heading\">Speicherung der Zugriffsdaten und Server-Logfiles<\/h2>\n\n\n\n<p>Bei jedem Zugriff eines Nutzers auf eine Seite aus unserem Internet-Angebot und bei jedem Abruf einer Datei werden auf unserem Web-Server automatisch Daten \u00fcber diesen Vorgang in einer Protokolldatei gespeichert und verarbeitet. Im Einzelnen werden \u00fcber jeden Zugriff bzw. Abruf folgende Daten gespeichert:<\/p>\n\n\n\n<p>&#8211; IP-Adresse des anfragenden Rechners<br>&#8211; Datum und Uhrzeit der Anfrage<br>&#8211; aufgerufene Seite\/Name der abgerufenen Datei<br>&#8211; \u00fcbertragene Datenmenge<br>&#8211; Meldung, ob der Zugriff\/Abruf erfolgreich war<br>&#8211; Internet-Adresse, von der aus die Seite bzw. Datei abgerufen bzw. die gew\u00fcnschte Funktion veranlasst wurde<br>&#8211; verwendeter Web-Browser<\/p>\n\n\n\n<p>Die zuvor genannten Daten einschlie\u00dflich der IP-Adresse werden f\u00fcr die Dauer des Kommunikationsvorgangs gespeichert, um die Nutzung unseres Internet-Angebots zu erm\u00f6glichen. Dar\u00fcber hinaus erfolgt f\u00fcr einen kurzen Zeitraum eine Speicherung der IP-Adresse zur Gew\u00e4hrleistung der IT-Sicherheit, insbesondere zum Schutz unserer IT-Systeme vor Missbrauch und zur Abwehr von Angriffen.<br>Wir behalten uns vor, die Daten in anonymisierter Form f\u00fcr statistische Zwecke und zur Verbesserung unseres Internet-Angebots auszuwerten.<\/p>\n\n\n\n<h2 class=\"wp-block-heading\">Cookies<\/h2>\n\n\n\n<p>Diese Website verwendet Cookies. Dabei handelt es sich um kleine Textdateien, welche auf Ihrem Endger\u00e4t gespeichert werden. Ihr Browser greift auf diese Dateien zu. Durch den Einsatz von Cookies erh\u00f6ht sich die Benutzerfreundlichkeit und Sicherheit dieser Website. G\u00e4ngige Browser bieten die Einstellungsoption, Cookies nicht zuzulassen. Hinweis: Es ist nicht gew\u00e4hrleistet, dass Sie auf alle Funktionen dieser Website ohne Einschr\u00e4nkungen zugreifen k\u00f6nnen, wenn Sie entsprechende Einstellungen vornehmen.<\/p>\n\n\n\n<h2 class=\"wp-block-heading\">Verwendung von Drittanbietern<\/h2>\n\n\n\n<p>Diese Website verwendet zur Anzeige von Videodateien den Anbieter Vimeo, Inc., 555 West 18th Street, New York, New York 10011. Durch den Aufruf von Seiten, auf denen Videos eingebunden sind, findet eine Datentransfer zu den Servern von Vimeo statt. Informationen zur Erhebung, Verarbeitung und Nutzung personenbezogener Daten durch Vimeo finden Sie unter <a href=\"https:\/\/vimeo.com\/privacy\">https:\/\/vimeo.com\/privacy<\/a>.<\/p>\n\n\n\n<h2 class=\"wp-block-heading\">Hinweise zum Newsletter und Einwilligungen<\/h2>\n\n\n\n<p>Mit den nachfolgenden Hinweisen kl\u00e4ren wir Sie \u00fcber die Inhalte unseres Newsletters sowie das Anmelde-, Versand- und das statistische Auswertungsverfahren sowie Ihre Widerspruchsrechte auf. Indem Sie unseren Newsletter abonnieren, erkl\u00e4ren Sie sich mit dem Empfang und den beschriebenen Verfahren einverstanden.<\/p>\n\n\n\n<h2 class=\"wp-block-heading\">Einsatz des Versanddienstleisters <em>Campaign Monitor<\/em><\/h2>\n\n\n\n<p>Zum Versand und zur Analyse unseres Newsletters haben wir den Drittanbieter Campaign Monitor Pty Ltd, 404\/3-5 Stapleton Ave, Sutherland NSW 2232, Sydney, Australia beauftragt. Wir haben ein sog. \u201eData-Processing-Agreement\u201c mit Campaign Monitor abgeschlossen, in dem wir Campaign Monitor verpflichten, die Daten unserer Kunden zu sch\u00fctzen und sie nicht an Dritte weiterzugeben. Die Vorlage dieses Vertrages kann <a href=\"http:\/\/www.campaignmonitor.com\/assets\/files\/terms\/campaign-monitor-eu-data-transfer-clauses.pdf\">hier<\/a> eingesehen werden.<\/p>\n\n\n\n<p>Wenn Sie sich f\u00fcr unseren Newsletter registrieren, werden die Daten (z.B. E-Mail-Adresse), die Sie bei der Newsletter-Registrierung angeben, an Campaign Monitor \u00fcbertragen und dort gespeichert. Der Dienstleister hat seinen Sitz in Australien und die Daten werden auf Servern in den USA verarbeitet.<\/p>\n\n\n\n<h2 class=\"wp-block-heading\">Double-Opt-In und Protokollierung<\/h2>\n\n\n\n<p>Nach der Anmeldung erhalten Sie von Campaign Monitor eine E-Mail, in der Sie um die Best\u00e4tigung Ihrer Anmeldung gebeten werden (sog. Double opt-in Verfahren). Diese Best\u00e4tigung ist notwendig, damit sich niemand mit fremden E-Mailadressen anmelden kann.<\/p>\n\n\n\n<p>Die Anmeldungen zum Newsletter werden protokolliert, um den Anmeldeprozess entsprechend den rechtlichen Anforderungen nachweisen zu k\u00f6nnen. Hierzu geh\u00f6rt die Speicherung des Anmelde- und des Best\u00e4tigungszeitpunkts, als auch der IP-Adresse. Ebenso werden die \u00c4nderungen Ihrer bei Campaign Monitor gespeicherten Daten protokolliert.<\/p>\n\n\n\n<h2 class=\"wp-block-heading\">Anmeldedaten<\/h2>\n\n\n\n<p>Wenn Sie den auf der Website angebotenen Newsletter beziehen m\u00f6chten, ben\u00f6tigen wir von Ihnen eine E-Mail-Adresse sowie Informationen, welche uns die \u00dcberpr\u00fcfung gestatten, dass Sie der Inhaber der angegebenen E-Mail-Adresse sind (Double opt-in Verfahren) und mit dem Empfang des Newsletters einverstanden sind.<\/p>\n\n\n\n<p>Optional bitten wir Sie Ihren Namen anzugeben.<\/p>\n\n\n\n<h2 class=\"wp-block-heading\">Statistische Erhebung und Analysen<\/h2>\n\n\n\n<p>Zudem ist es uns mit Hilfe von Campaign Monitor m\u00f6glich, unsere Newsletter-Kampagnen zu analysieren. So k\u00f6nnen wir unter anderem sehen, ob eine Newsletter-Nachricht ge\u00f6ffnet, wann sie ge\u00f6ffnet, von welchem Ort sie ge\u00f6ffnet und welche Links ggf. angeklickt wurden. Auf diese Weise k\u00f6nnen wir u.a. feststellen, welche Links besonders oft angeklickt wurden. Diese Informationen k\u00f6nnen aus technischen Gr\u00fcnden zwar den einzelnen Newsletter-Empf\u00e4ngern zugeordnet werden. Es ist jedoch weder unser Bestreben noch das von Campaign Monitor, einzelne Nutzer zu beobachten. Die Auswertungen dienen uns vielmehr dazu, die Lesegewohnheiten unserer Nutzer gruppenbezogen zu erkennen und unsere Inhalte auf sie anzupassen oder unterschiedliche Inhalte entsprechend den Interessen unserer Nutzer zu versenden.<\/p>\n\n\n\n<h2 class=\"wp-block-heading\">Online-Aufruf und Datenmanagement<\/h2>\n\n\n\n<p>Es gibt F\u00e4lle, in denen wir die Newsletterempf\u00e4nger auf die Webseiten von Campaign Monitor leiten. Zum Beispiel enthalten unsere Newsletter einen Link, mit dem die Newsletter-Empf\u00e4nger die Newsletter online abrufen k\u00f6nnen (etwa bei Darstellungsproblemen im E-Mail-Programm). Ferner k\u00f6nnen Newsletterempf\u00e4nger ihre Daten wie beispielsweise die E-Mailadresse nachtr\u00e4glich auf den Seiten von Campaign Monitor korrigieren. Ebenso ist die Datenschutzerkl\u00e4rung von Campaign Monitor nur auf deren Seite abrufbar. In diesem Zusammenhang wiesen wir darauf hin, dass auf den Webseiten von Campaign Monitor Cookies eingesetzt und damit personenbezogene Daten durch Campaign Monitor, deren Partner und eingesetzte Dienstleister (zum Beispiel Google Analytics) verarbeitet werden. Auf diese Datenerhebung haben wir keinen Einfluss. Weitere Informationen k\u00f6nnen Sie der <a href=\"https:\/\/www.campaignmonitor.com\/policies\/#privacy-policy\">Datenschutzerkl\u00e4rung von Campaign Monitor<\/a> entnehmen. Wir weisen Sie zus\u00e4tzlich auf die Widerspruchsm\u00f6glichkeiten in die Datenerhebung zu Werbezwecken auf den Webseiten <a href=\"http:\/\/www.aboutads.info\/choices\/\">http:\/\/www.aboutads.info\/choices\/<\/a> und <a href=\"http:\/\/www.youronlinechoices.com\/\">http:\/\/www.youronlinechoices.com\/<\/a> (f\u00fcr den Europ\u00e4ischen Raum) hin.<\/p>\n\n\n\n<h2 class=\"wp-block-heading\">Rechtsgrundlagen<\/h2>\n\n\n\n<p>Die Einwilligungen in den Versand des Newsletter werden auf Grundlage der Art. 6 Abs. 1 lit. a, 7 DSGVO sowie \u00a7 7 Abs. 2 Nr. 3, bzw. Abs. 3 UWG von uns eingeholt. Die erteilte Einwilligung zur Speicherung der Daten, der E-Mail-Adresse sowie deren Nutzung zum Versand des Newsletters k\u00f6nnen Sie jederzeit widerrufen, etwa \u00fcber den \u201eAustragen\u201c-Link im Newsletter. Die Rechtm\u00e4\u00dfigkeit der bereits erfolgten Datenverarbeitungsvorg\u00e4nge bleibt vom Widerruf unber\u00fchrt.<\/p>\n\n\n\n<p>Der Einsatz des Versanddienstleisters Campaign Monitor, Durchf\u00fchrung der statistischen Erhebungen und Analysen sowie Protokollierung des Anmeldeverfahrens, erfolgen auf Grundlage unserer berechtigten Interessen gem. Art. 6 Abs. 1 lit. f DSGVO. Unser Interesse richtet sich auf den Einsatz eines nutzerfreundlichen sowie sicheren Newslettersystems, das sowohl unseren gesch\u00e4ftlichen Interessen dient, als auch den Erwartungen der Nutzer entspricht.<\/p>\n\n\n\n<p>Wir weisen Sie ferner darauf hin, dass Sie der k\u00fcnftigen Verarbeitung Ihrer personenbezogenen Daten entsprechend den gesetzlichen Vorgaben gem. Art. 21 DSGVO jederzeit widersprechen k\u00f6nnen. Der Widerspruch kann insbesondere gegen die Verarbeitung f\u00fcr Zwecke der Direktwerbung erfolgen.<\/p>\n\n\n\n<h2 class=\"wp-block-heading\">K\u00fcndigung \/ Widerruf<\/h2>\n\n\n\n<p>Sie k\u00f6nnen den Empfang unseres Newsletters jederzeit k\u00fcndigen, das hei\u00dft, Ihre Einwilligungen widerrufen. Einen Link zur K\u00fcndigung des Newsletters finden Sie am Ende eines jeden Newsletters. Nach der K\u00fcndigung wird Ihre E-Mailadresse in einer Sperrliste gespeichert und nur verwendet um abzusichern, dass wir keine weiteren E-Mails an Ihre E-Mailadresse versenden.<\/p>\n\n\n\n<p>Weitere Informationen entnehmen Sie den Datenschutzbestimmungen von Campaign Monitor unter: <a href=\"https:\/\/www.campaignmonitor.com\/policies\/#two\">https:\/\/www.campaignmonitor.com\/policies\/#two<\/a>.<\/p>\n","protected":false},"excerpt":{"rendered":"<p>Geltungsbereich Diese Datenschutzerkl\u00e4rung soll die Nutzer dieser Website gem\u00e4\u00df Bundesdatenschutzgesetz und Telemediengesetz \u00fcber die Art, den Umfang und den Zweck der Erhebung und Verwendung personenbezogener Daten durch den Websitebetreiber transmissions GmbH informieren. Kontakt \/ Verantwortliche transmissions GmbHJohannisstr. 79, 50668 K\u00f6lnT. +49 (0)221 \u2013 2987 2525info (at) transmissions.deGesch\u00e4ftsf\u00fchrung: B\u00e9la Bisom Der Websitebetreiber nimmt Ihren Datenschutz sehr [&hellip;]<\/p>\n","protected":false},"author":3,"featured_media":0,"parent":0,"menu_order":0,"comment_status":"closed","ping_status":"closed","template":"","meta":{"footnotes":""},"class_list":["post-567","page","type-page","status-publish","hentry"],"aioseo_notices":[],"_links":{"self":[{"href":"https:\/\/transmissions.de\/index.php?rest_route=\/wp\/v2\/pages\/567","targetHints":{"allow":["GET"]}}],"collection":[{"href":"https:\/\/transmissions.de\/index.php?rest_route=\/wp\/v2\/pages"}],"about":[{"href":"https:\/\/transmissions.de\/index.php?rest_route=\/wp\/v2\/types\/page"}],"author":[{"embeddable":true,"href":"https:\/\/transmissions.de\/index.php?rest_route=\/wp\/v2\/users\/3"}],"replies":[{"embeddable":true,"href":"https:\/\/transmissions.de\/index.php?rest_route=%2Fwp%2Fv2%2Fcomments&post=567"}],"version-history":[{"count":1,"href":"https:\/\/transmissions.de\/index.php?rest_route=\/wp\/v2\/pages\/567\/revisions"}],"predecessor-version":[{"id":569,"href":"https:\/\/transmissions.de\/index.php?rest_route=\/wp\/v2\/pages\/567\/revisions\/569"}],"wp:attachment":[{"href":"https:\/\/transmissions.de\/index.php?rest_route=%2Fwp%2Fv2%2Fmedia&parent=567"}],"curies":[{"name":"wp","href":"https:\/\/api.w.org\/{rel}","templated":true}]}}